{"id":1507,"date":"2021-01-22T18:07:16","date_gmt":"2021-01-23T00:07:16","guid":{"rendered":"https:\/\/costarealtyplaya.com\/companies\/"},"modified":"2021-06-14T15:01:54","modified_gmt":"2021-06-14T20:01:54","slug":"companies","status":"publish","type":"page","link":"https:\/\/costarealtyplaya.com\/en\/companies\/","title":{"rendered":"Companies"},"content":{"rendered":"\n<div class=\"wp-block-zd-fullwidth fullwidth\">\n<div class=\"wp-block-zd-container  container py-4\">\n<h2 class=\"has-text-align-center mb-4 wp-block-heading\"><strong>WE ARE GLAD YOU FOUND US !<\/strong><\/h2>\n\n\n\n<div class=\"wp-block-zd-columns row text-center\">\n<div class=\"wp-block-zd-column col-lg-3 ml-auto\">\n<figure class=\"wp-block-image size-large is-resized\"><img loading=\"lazy\" decoding=\"async\" src=\"https:\/\/costarealtyplaya.com\/wp-content\/uploads\/2021\/02\/square-costarealtyplaya.png\" alt=\"\" class=\"wp-image-1536\" width=\"134\" height=\"122\"\/><\/figure>\n\n\n\n<h4 class=\"wp-block-heading\">Costa Realty Playa \u00a9<\/h4>\n\n\n\n<p>M\u00e1s de 30 a\u00f1os como la Firma L\u00edder en Bienes Ra\u00edces en el Caribe Mexicano.<\/p>\n\n\n\n\n<\/div>\n\n\n\n<div class=\"wp-block-zd-column col-lg-3\">\n<figure class=\"wp-block-image size-large is-resized\"><img loading=\"lazy\" decoding=\"async\" src=\"https:\/\/costarealtyplaya.com\/wp-content\/uploads\/2021\/02\/square-costaluxuryproperties.png\" alt=\"\" class=\"wp-image-1537\" width=\"134\" height=\"122\"\/><\/figure>\n\n\n\n<h4 class=\"wp-block-heading\">Costa Luxury Properties \u00a9<\/h4>\n\n\n\n<p>Nuestra divisi\u00f3n especializada en Bienes Ra\u00edces de Lujo.<\/p>\n<\/div>\n\n\n\n<div class=\"wp-block-zd-column col-lg-3 mr-auto\">\n<figure class=\"wp-block-image size-large is-resized\"><img loading=\"lazy\" decoding=\"async\" src=\"https:\/\/costarealtyplaya.com\/wp-content\/uploads\/2021\/06\/crgm.jpg\" alt=\"\" class=\"wp-image-3654\" width=\"134\" height=\"122\"\/><\/figure>\n\n\n\n<h4 class=\"wp-block-heading\"><\/h4>\n\n\n\n<p>Tu nueva historia comienza aqu\u00ed.<\/p>\n<\/div>\n<\/div>\n<\/div>\n<\/div>\n\n\n\n<div class=\"wp-block-zd-fullwidth fullwidth\">\n<div class=\"wp-block-zd-container  container py-4\">\n<div class=\"wp-block-zd-columns row\">\n<div class=\"wp-block-zd-column col-lg-10 mx-auto\">\n<figure class=\"wp-block-image alignwide size-large\"><img loading=\"lazy\" decoding=\"async\" width=\"1024\" height=\"349\" src=\"https:\/\/costarealtyplaya.com\/wp-content\/uploads\/2021\/02\/enjoy_es-min-1024x349.png\" alt=\"\" class=\"wp-image-1547\" srcset=\"https:\/\/costarealtyplaya.com\/wp-content\/uploads\/2021\/02\/enjoy_es-min-1024x349.png 1024w, https:\/\/costarealtyplaya.com\/wp-content\/uploads\/2021\/02\/enjoy_es-min-300x102.png 300w, https:\/\/costarealtyplaya.com\/wp-content\/uploads\/2021\/02\/enjoy_es-min-768x261.png 768w, https:\/\/costarealtyplaya.com\/wp-content\/uploads\/2021\/02\/enjoy_es-min-560x191.png 560w, https:\/\/costarealtyplaya.com\/wp-content\/uploads\/2021\/02\/enjoy_es-min-992x338.png 992w, https:\/\/costarealtyplaya.com\/wp-content\/uploads\/2021\/02\/enjoy_es-min-1170x398.png 1170w, https:\/\/costarealtyplaya.com\/wp-content\/uploads\/2021\/02\/enjoy_es-min.png 1366w\" sizes=\"auto, (max-width: 1024px) 100vw, 1024px\" \/><\/figure>\n\n\n\n\n<\/div>\n<\/div>\n<\/div>\n<\/div>\n","protected":false},"excerpt":{"rendered":"","protected":false},"author":1,"featured_media":0,"parent":0,"menu_order":0,"comment_status":"closed","ping_status":"closed","template":"","meta":{"_joinchat":[],"footnotes":""},"class_list":["post-1507","page","type-page","status-publish","hentry"],"_links":{"self":[{"href":"https:\/\/costarealtyplaya.com\/en\/wp-json\/wp\/v2\/pages\/1507","targetHints":{"allow":["GET"]}}],"collection":[{"href":"https:\/\/costarealtyplaya.com\/en\/wp-json\/wp\/v2\/pages"}],"about":[{"href":"https:\/\/costarealtyplaya.com\/en\/wp-json\/wp\/v2\/types\/page"}],"author":[{"embeddable":true,"href":"https:\/\/costarealtyplaya.com\/en\/wp-json\/wp\/v2\/users\/1"}],"replies":[{"embeddable":true,"href":"https:\/\/costarealtyplaya.com\/en\/wp-json\/wp\/v2\/comments?post=1507"}],"version-history":[{"count":7,"href":"https:\/\/costarealtyplaya.com\/en\/wp-json\/wp\/v2\/pages\/1507\/revisions"}],"predecessor-version":[{"id":3658,"href":"https:\/\/costarealtyplaya.com\/en\/wp-json\/wp\/v2\/pages\/1507\/revisions\/3658"}],"wp:attachment":[{"href":"https:\/\/costarealtyplaya.com\/en\/wp-json\/wp\/v2\/media?parent=1507"}],"curies":[{"name":"wp","href":"https:\/\/api.w.org\/{rel}","templated":true}]}}