{"id":1509,"date":"2021-01-22T18:06:45","date_gmt":"2021-01-23T00:06:45","guid":{"rendered":"https:\/\/costarealtyplaya.com\/buying-in-mexico\/"},"modified":"2022-06-13T11:31:43","modified_gmt":"2022-06-13T16:31:43","slug":"comprar-en-mexico","status":"publish","type":"page","link":"https:\/\/costarealtyplaya.com\/en\/comprar-en-mexico\/","title":{"rendered":"Comprar en M\u00e9xico"},"content":{"rendered":"\n<h2 class=\"wp-block-heading\">\u00bfComprar o Vender Propiedades en el Caribe Mexicano?<\/h2>\n\n\n\n<p>Como en muchos pa\u00edses, la comprensi\u00f3n de los bienes ra\u00edces en M\u00e9xico puede ser un desaf\u00edo. Si desea comprar o vender una casa en el Caribe Mexicano, lo mejor que puede hacer es buscar una empresa local de bienes ra\u00edces con una excelente reputaci\u00f3n en esta \u00e1rea.<\/p>\n\n\n\n<p>Recientemente, M\u00e9xico comenz\u00f3 a otorgar licencias a oficinas y agentes de bienes ra\u00edces en ciertos estados, y Quintana Roo es uno de ellos. Todav\u00eda no est\u00e1 ni cerca de las leyes firmes aplicadas en los EE. UU., Pero es un buen comienzo y las asociaciones nacionales de bienes ra\u00edces como AMPI est\u00e1n obligando a sus miembros a certificarse y obtener una licencia. Todos los d\u00edas ver\u00e1n a m\u00e1s y m\u00e1s profesionales, agentes bien entrenados y honestos que toman esta noble carrera.<\/p>\n\n\n\n<p>Cada vez m\u00e1s estadounidenses y canadienses se dirigen al sur de la frontera en busca del sol, las playas y la rica cultura mexicana y disfrutan del excelente servicio cordial de los mexicanos. Muchos de ellos decidieron comprar un pedacito de para\u00edso aqu\u00ed abajo para disfrutar de una casa de vacaciones, retirarse o invertir.<\/p>\n\n\n\n<p><strong>Comprar una casa en M\u00e9xico es un procedimiento f\u00e1cil cuando tiene un corredor profesional a su lado.<\/strong><\/p>\n\n\n\n<p>El proceso de compra para extranjeros que buscan comprar bienes ra\u00edces en M\u00e9xico es simple y directo. Si ha cumplido con su diligencia debida, y est\u00e1 representado por profesionales inmobiliarios experimentados y un notario bien recomendado, no tendr\u00e1 problemas<\/p>\n\n\n\n<figure class=\"wp-block-image alignwide size-large mb-3\"><img loading=\"lazy\" decoding=\"async\" width=\"1024\" height=\"448\" src=\"https:\/\/costarealtyplaya.com\/wp-content\/uploads\/2021\/02\/bg-comprar-en-mexico-1024x448.jpg\" alt=\"\" class=\"wp-image-1510\" srcset=\"https:\/\/costarealtyplaya.com\/wp-content\/uploads\/2021\/02\/bg-comprar-en-mexico-1024x448.jpg 1024w, https:\/\/costarealtyplaya.com\/wp-content\/uploads\/2021\/02\/bg-comprar-en-mexico-300x131.jpg 300w, https:\/\/costarealtyplaya.com\/wp-content\/uploads\/2021\/02\/bg-comprar-en-mexico-768x336.jpg 768w, https:\/\/costarealtyplaya.com\/wp-content\/uploads\/2021\/02\/bg-comprar-en-mexico-1536x672.jpg 1536w, https:\/\/costarealtyplaya.com\/wp-content\/uploads\/2021\/02\/bg-comprar-en-mexico-560x245.jpg 560w, https:\/\/costarealtyplaya.com\/wp-content\/uploads\/2021\/02\/bg-comprar-en-mexico-992x434.jpg 992w, https:\/\/costarealtyplaya.com\/wp-content\/uploads\/2021\/02\/bg-comprar-en-mexico-1170x512.jpg 1170w, https:\/\/costarealtyplaya.com\/wp-content\/uploads\/2021\/02\/bg-comprar-en-mexico.jpg 1600w\" sizes=\"auto, (max-width: 1024px) 100vw, 1024px\" \/><\/figure>\n\n\n\n<p><strong><\/strong><strong>M\u00e9xico<\/strong>\u00a0aprob\u00f3 la Ley de Inversi\u00f3n Extranjera en 1973, permitiendo a los extranjeros comprar bienes ra\u00edces en cualquier parte del pa\u00eds, las \u00fanicas restricciones son las tierras costeras y costeras (dentro de los 100 km de las fronteras internacionales o dentro de los 50 km de la costa).<\/p>\n\n\n\n<p>En 1993, la ley se modific\u00f3 para permitir la compra dentro de \u00e1reas restringidas a trav\u00e9s de un fideicomiso, un acuerdo de fideicomiso establecido con un\u00a0<strong>banco mexicano<\/strong>.<\/p>\n\n\n\n<p>Un fideicomiso permite que un comprador extranjero tenga propiedades con todos los derechos y privilegios de un ciudadano.<\/p>\n\n\n\n<p>Un fideicomiso permite que un comprador extranjero tenga propiedades con todos los derechos y privilegios de un ciudadano.<\/p>\n\n\n\n<p>Con un solo fideicomiso, puede tener varias propiedades mexicanas, poseerlas a perpetuidad y entregarlas a sus herederos. Adem\u00e1s, puede transferir f\u00e1cilmente el fideicomiso a otro comprador extranjero, si desea vender.<\/p>\n\n\n\n<p>Un fideicomiso es v\u00e1lido por 50 a\u00f1os y es renovable a partir de entonces (por usted o sus herederos).<\/p>\n\n\n\n<p>Puede ser mantenido por una o m\u00e1s personas o por una entidad (una LLC, por ejemplo)<\/p>\n\n\n\n<ul class=\"wp-block-list\"><li>Los costos iniciales de configuraci\u00f3n var\u00edan de US $2,000.- a US $ 2,500.-, y las tarifas de mantenimiento ascienden de\u00a0US $ 500.- a US $ 800.- por a\u00f1o.<\/li><li>Los extranjeros tambi\u00e9n pueden poseer tierras en \u00e1reas restringidas a trav\u00e9s de una corporaci\u00f3n mexicana, y estas pueden ser 100% de propiedad extranjera.<\/li><\/ul>\n\n\n\n<p>Solo debe considerar una corporaci\u00f3n si est\u00e1 comprando bienes ra\u00edces estrictamente para inversiones o negocios. Si planea subdividir y desarrollar tierras, una corporaci\u00f3n mexicana tiene sentido.<\/p>\n\n\n\n<p>\u00a0Las corporaciones vienen con m\u00e1s restricciones y requisitos de informaci\u00f3n que los fideicomisos.<\/p>\n\n\n\n<p>Se les exige presentar informes mensuales sobre ingresos y gastos, completados por un contador certificado, al Departamento del Tesoro de M\u00e9xico. Y los bienes que se tienen en una corporaci\u00f3n se consideran comerciales, por lo que est\u00e1n sujetos a impuestos adicionales (IVA, por ejemplo).<\/p>\n\n\n\n<p>Los costos iniciales para establecer una corporaci\u00f3n variar\u00e1n seg\u00fan el abogado que utilice (desde aprox. US $ 850.-), Y el capital m\u00ednimo requerido es de $ 50,000.- pesos mexicanos (aproximadamente US $ 2,500.- dependiendo tipo de cambio del dolar). Tambi\u00e9n incurrir\u00e1 en costos para que un contador certificado lo mantenga (desde aprox. US $ 1,500.- al a\u00f1o).<\/p>\n\n\n\n<p>Independientemente del uso de su propiedad, su abogado debe participar en la revisi\u00f3n de su estado legal, incluida la b\u00fasqueda de t\u00edtulos, la revisi\u00f3n y preparaci\u00f3n de contratos y la creaci\u00f3n de su fideicomiso o corporaci\u00f3n. Muchas compa\u00f1\u00edas de t\u00edtulos est\u00e1n disponibles ahora en M\u00e9xico.<\/p>\n\n\n\n<p><strong>El proceso de compra deber\u00eda desarrollarse as\u00ed \u2026<\/strong><\/p>\n\n\n\n<h3 class=\"wp-block-heading\"><strong>Oferta y Aceptaci\u00f3n<\/strong><\/h3>\n\n\n\n<p>En este punto, ambas partes deben poder ejecutar el acuerdo de compra \/ venta (compra-venta), iniciar el proceso de cierre y transferir el t\u00edtulo de la propiedad al fideicomiso. Para entonces, la oficina fiduciaria del banco deber\u00eda haber recibido el permiso de fideicomiso del Ministerio de Relaciones Exteriores, y su abogado podr\u00e1 comenzar los giros para la escritura de cierre. Su abogado, un notario y un oficial de fideicomiso del banco revisar\u00e1n el borrador final de la escritura.<\/p>\n\n\n\n<p><strong>ACUERDO COMPROMISO<\/strong><\/p>\n\n\n\n<p>Seg\u00fan la ley mexicana, ambas partes est\u00e1n obligadas por los t\u00e9rminos del acuerdo promisorio: si se cumplen todos los t\u00e9rminos y condiciones para ejecutar el contrato de compra, ninguna de las partes puede retirarse de la venta.<\/p>\n\n\n\n<p>Una vez que se ha firmado el acuerdo promisorio, el vendedor se comunica con su banco (el que utiliz\u00f3 para configurar su fideicomiso) para iniciar la solicitud de fideicomiso. Su abogado luego ordena un permiso de fideicomiso del Ministerio de Relaciones Exteriores.<\/p>\n\n\n\n<p>Durante este tiempo, su abogado tambi\u00e9n debe verificar el estado legal de la propiedad, incluida la revisi\u00f3n del t\u00edtulo, confirmar que el vendedor tiene derecho a transferir el t\u00edtulo y revisar los t\u00e9rminos y condiciones del contrato de compra. Tambi\u00e9n deber\u00e1 solicitar la documentaci\u00f3n del vendedor, como el certificado de no grav\u00e1menes, un certificado de no responsabilidad fiscal y una tasaci\u00f3n de la propiedad.<\/p>\n\n\n\n<p>La documentaci\u00f3n requerida del comprador es m\u00ednima: todo lo que necesita es una copia de su pasaporte y licencia de conducir, una factura reciente de servicios p\u00fablicos que muestre su nombre y direcci\u00f3n y la documentaci\u00f3n de la empresa (si corresponde). Estos se presentan a un notario y se archivan en el registro p\u00fablico.<\/p>\n\n\n\n<p>Si todo est\u00e1 en orden, el notario y su abogado trabajar\u00e1n con el banco para redactar y finalizar los documentos del fideicomiso.<\/p>\n\n\n\n<div class=\"wp-block-zd-columns row py-3\">\n<div class=\"wp-block-zd-column col-lg\">\n<h3 class=\"wp-block-heading\"><strong>Contrato de compra \/ venta<\/strong><\/h3>\n\n\n\n<p>Seg\u00fan la ley mexicana, ambas partes est\u00e1n obligadas por los t\u00e9rminos del acuerdo promisorio: si se cumplen todos los t\u00e9rminos y condiciones para ejecutar el contrato de compra, ninguna de las partes puede retirarse de la venta.<\/p>\n\n\n\n<p>Una vez que se ha firmado el acuerdo promisorio, el vendedor se comunica con su banco (el que utiliz\u00f3 para configurar su fideicomiso) para iniciar la solicitud de fideicomiso. Su abogado luego ordena un permiso de fideicomiso del Ministerio de Relaciones Exteriores.<\/p>\n\n\n\n<p>Durante este tiempo, su abogado tambi\u00e9n debe verificar el estado legal de la propiedad, incluida la revisi\u00f3n del t\u00edtulo, confirmar que el vendedor tiene derecho a transferir el t\u00edtulo y revisar los t\u00e9rminos y condiciones del contrato de compra. Tambi\u00e9n deber\u00e1 solicitar la documentaci\u00f3n del vendedor, como el certificado de no grav\u00e1menes, un certificado de no responsabilidad fiscal y una tasaci\u00f3n de la propiedad.<\/p>\n\n\n\n<p>La documentaci\u00f3n requerida del comprador es m\u00ednima: todo lo que necesita es una copia de su pasaporte y licencia de conducir, una factura reciente de servicios p\u00fablicos que muestre su nombre y direcci\u00f3n y la documentaci\u00f3n de la empresa (si corresponde). Estos se presentan a un notario y se archivan en el registro p\u00fablico.<\/p>\n\n\n\n<p>Si todo est\u00e1 en orden, el notario y su abogado trabajar\u00e1n con el banco para redactar y finalizar los documentos del fideicomiso.<\/p>\n<\/div>\n\n\n\n<div class=\"wp-block-zd-column col-lg\">\n<h3 class=\"wp-block-heading\"><strong>Proceso de cierre y escritura<\/strong><\/h3>\n\n\n\n<p>Una vez que todo haya sido verificado como correcto y todos los documentos de cierre est\u00e9n listos, se le notificar\u00e1 la fecha de cierre y los costos finales de cierre. Al cierre, las escrituras finales se firmar\u00e1n ante notario, los pagos finales se liquidar\u00e1n y el t\u00edtulo de propiedad se transferir\u00e1 oficialmente al fideicomiso del banco. El notario luego emite una copia notariada de la escritura de cierre. Esta es su primera prueba de propiedad y puede usarse para poner servicios p\u00fablicos a su propio nombre.<\/p>\n\n\n\n<p>Aproximadamente a los tres meses de su fecha de cierre, el Registro P\u00fablico emite la escritura final que contiene una publicaci\u00f3n electr\u00f3nica, copia de todos los certificados y pago de derechos.<\/p>\n<\/div>\n<\/div>\n\n\n\n<figure class=\"wp-block-image alignwide size-large mb-3\"><img loading=\"lazy\" decoding=\"async\" width=\"1024\" height=\"448\" src=\"https:\/\/costarealtyplaya.com\/wp-content\/uploads\/2021\/02\/bg-comprar-en-mexico2-min-1024x448.jpg\" alt=\"\" class=\"wp-image-1533\" srcset=\"https:\/\/costarealtyplaya.com\/wp-content\/uploads\/2021\/02\/bg-comprar-en-mexico2-min-1024x448.jpg 1024w, https:\/\/costarealtyplaya.com\/wp-content\/uploads\/2021\/02\/bg-comprar-en-mexico2-min-300x131.jpg 300w, https:\/\/costarealtyplaya.com\/wp-content\/uploads\/2021\/02\/bg-comprar-en-mexico2-min-768x336.jpg 768w, https:\/\/costarealtyplaya.com\/wp-content\/uploads\/2021\/02\/bg-comprar-en-mexico2-min-1536x672.jpg 1536w, https:\/\/costarealtyplaya.com\/wp-content\/uploads\/2021\/02\/bg-comprar-en-mexico2-min-560x245.jpg 560w, https:\/\/costarealtyplaya.com\/wp-content\/uploads\/2021\/02\/bg-comprar-en-mexico2-min-992x434.jpg 992w, https:\/\/costarealtyplaya.com\/wp-content\/uploads\/2021\/02\/bg-comprar-en-mexico2-min-1170x512.jpg 1170w, https:\/\/costarealtyplaya.com\/wp-content\/uploads\/2021\/02\/bg-comprar-en-mexico2-min.jpg 1600w\" sizes=\"auto, (max-width: 1024px) 100vw, 1024px\" \/><\/figure>\n\n\n\n<h3 class=\"wp-block-heading\"><strong>RETIRARSE EN M\u00c9XICO<\/strong><\/h3>\n\n\n\n<p><strong>Los jubilados en M\u00e9xico viven estilos de vida activos, saludables y sustentados por los climas agradables de M\u00e9xico, los servicios de primera clase y los costos de vida asequibles.<\/strong><\/p>\n\n\n\n<p>Las personas que se han jubilado en M\u00e9xico comentan c\u00f3mo disfrutan y saborean su estilo de vida y actividades activas y agradables. Los jubilados en M\u00e9xico y en el pa\u00eds encabezan con frecuencia las listas populares de \u00ablos mejores lugares del mundo para retirarse\u00bb\u2026<\/p>\n\n\n\n<p>Como pa\u00eds, M\u00e9xico tiene una enorme cantidad de ofertas para jubilados. Usted tiene una variedad de climas, que van desde un clima primaveral durante todo el a\u00f1o hasta lugares c\u00e1lidos y h\u00famedos frente al mar y el calor seco del desierto.<\/p>\n\n\n\n<p>El ritmo de vida de M\u00e9xico es ideal para la jubilaci\u00f3n; puede relajarse y seguir liderando una jubilaci\u00f3n activa. Si bien los niveles de estr\u00e9s dependen de cada individuo, el ambiente relajado de M\u00e9xico, el clima agradable, las personas amigables y la cultura acogedora brindan un ambiente ideal para vivir bajo estr\u00e9s.<\/p>\n\n\n\n<p>La comida es maravillosa. Las frutas y verduras frescas, carnes y pescados est\u00e1n disponibles en los mercados locales, y obtendr\u00e1s un gran valor por tu dinero. Hay una enorme variedad de frutas tropicales, que son m\u00e1s dulces y jugosas que las que se env\u00edan a climas m\u00e1s fr\u00edos.<\/p>\n\n\n\n<p>Los alimentos frescos producidos localmente tambi\u00e9n son menos costosos en M\u00e9xico, aunque los precios y la calidad var\u00edan a lo largo del a\u00f1o, dependiendo de la temporada. La variedad de verduras tambi\u00e9n es inmensa, incluyendo tipos locales como nopales (cactus) y chayotes. M\u00e9xico tambi\u00e9n es el hogar del aguacate y es el mayor productor mundial de fruta.<\/p>\n\n\n\n<p><strong>Estilos de vida de jubilaci\u00f3n y niveles de vida en M\u00e9xico<\/strong><\/p>\n\n\n\n<p>Para quienes conocen M\u00e9xico, la jubilaci\u00f3n aqu\u00ed puede ser parte de un sue\u00f1o hecho realidad. Los jubilados en M\u00e9xico disfrutan de un excelente clima, excelente comida, una rica cultura y gente c\u00e1lida y amigable.<\/p>\n\n\n\n<p>Algunos jubilados se mudan a las comunidades mexicanas locales y se integran all\u00ed; Esto puede hacer que toda la experiencia de vida en M\u00e9xico sea mucho m\u00e1s valiosa y satisfactoria.<\/p>\n\n\n\n<p>Para aquellos con pasatiempos, el pasatiempo o el inter\u00e9s casi siempre se pueden realizar en M\u00e9xico. Las comunicaciones a trav\u00e9s de Internet pueden mantenerlo actualizado con las \u00faltimas noticias, informaci\u00f3n y resultados deportivos si desea mantenerse al tanto de lo que est\u00e1 sucediendo en casa. Si te gusta participar en deportes, M\u00e9xico ofrece el clima, los grupos y los servicios para que participes activamente.<\/p>\n\n\n\n<p>Muchas personas contin\u00faan su pasi\u00f3n por pasatiempos como el arte, la fotograf\u00eda y la escritura, utilizando M\u00e9xico como su paisaje e inspiraci\u00f3n. Algunos encuentran que su trabajo se puede vender dentro o fuera de M\u00e9xico, complementando sus ingresos.<\/p>\n\n\n\n<p>Otras personas se involucran en el trabajo social: ayudan a las comunidades desfavorecidas a construir nueva infraestructura, se involucran en el trabajo de caridad, comparten su extenso conocimiento y experiencia de la vida con otros y hacen una contribuci\u00f3n significativa y positiva a las comunidades donde viven en una amplia variedad de formas.<\/p>\n\n\n\n<p>No hay mejor momento para aprender espa\u00f1ol. Rodeado por el idioma, envuelto en un pa\u00eds apasionado por su historia y cultura, no hay mejor lugar para aprender que en M\u00e9xico.<\/p>\n\n\n\n<h3 class=\"wp-block-heading\"><strong>Las clases de idiomas est\u00e1n disponibles en todas partes<\/strong>.<\/h3>\n\n\n\n<p>Si considera que su jubilaci\u00f3n es una oportunidad para mejorar su juego de golf, M\u00e9xico tiene nada menos que tres de los diez mejores campos de golf del mundo para que pruebe, y docenas m\u00e1s.<\/p>\n\n\n\n<p>Puede retirarse en M\u00e9xico en total aislamiento si lo desea, comprando una propiedad en medio de un paisaje impresionante, con nada m\u00e1s que la naturaleza a su alrededor por millas.<\/p>\n\n\n\n<p>O puede vivir en medio de uno de los pueblos o ciudades de M\u00e9xico rodeados por las comunidades locales, compartiendo su cultura y su forma de vida, o algo intermedio.<\/p>\n\n\n\n<p>Lo que quieras, encontrar\u00e1s algo que se adapte a tus gustos en alg\u00fan lugar de M\u00e9xico.<\/p>\n\n\n\n<p>Muchos jubilados compran 2 o m\u00e1s condominios para vivir en uno y alquilan los otros para tener un ingreso.<\/p>\n\n\n\n<p><strong>\u00bbEl retorno de la inversi\u00f3n en propiedades de alquiler en \u00e1reas tur\u00edsticas suele ser de 6 a 12% por a\u00f1o.\u00bb<\/strong><\/p>\n","protected":false},"excerpt":{"rendered":"<p>\u00bfComprar o Vender Propiedades en el Caribe Mexicano? Como en muchos pa\u00edses, la comprensi\u00f3n de los bienes ra\u00edces en M\u00e9xico puede ser un desaf\u00edo. Si desea comprar o vender una casa en el Caribe Mexicano, lo mejor que puede hacer es buscar una empresa local de bienes ra\u00edces con una excelente reputaci\u00f3n en esta \u00e1rea. [&hellip;]<\/p>\n","protected":false},"author":1,"featured_media":0,"parent":0,"menu_order":0,"comment_status":"closed","ping_status":"closed","template":"","meta":{"_joinchat":[],"footnotes":""},"class_list":["post-1509","page","type-page","status-publish","hentry"],"_links":{"self":[{"href":"https:\/\/costarealtyplaya.com\/en\/wp-json\/wp\/v2\/pages\/1509","targetHints":{"allow":["GET"]}}],"collection":[{"href":"https:\/\/costarealtyplaya.com\/en\/wp-json\/wp\/v2\/pages"}],"about":[{"href":"https:\/\/costarealtyplaya.com\/en\/wp-json\/wp\/v2\/types\/page"}],"author":[{"embeddable":true,"href":"https:\/\/costarealtyplaya.com\/en\/wp-json\/wp\/v2\/users\/1"}],"replies":[{"embeddable":true,"href":"https:\/\/costarealtyplaya.com\/en\/wp-json\/wp\/v2\/comments?post=1509"}],"version-history":[{"count":5,"href":"https:\/\/costarealtyplaya.com\/en\/wp-json\/wp\/v2\/pages\/1509\/revisions"}],"predecessor-version":[{"id":4274,"href":"https:\/\/costarealtyplaya.com\/en\/wp-json\/wp\/v2\/pages\/1509\/revisions\/4274"}],"wp:attachment":[{"href":"https:\/\/costarealtyplaya.com\/en\/wp-json\/wp\/v2\/media?parent=1509"}],"curies":[{"name":"wp","href":"https:\/\/api.w.org\/{rel}","templated":true}]}}